{"id":109,"date":"2020-08-24T20:55:15","date_gmt":"2020-08-24T20:55:15","guid":{"rendered":"https:\/\/bonn-toulouse.de\/wordpress\/?page_id=109"},"modified":"2020-09-15T23:36:51","modified_gmt":"2020-09-15T21:36:51","slug":"francais","status":"publish","type":"page","link":"https:\/\/bonn-toulouse.de\/index.php\/francais\/","title":{"rendered":"Fran\u00e7ais"},"content":{"rendered":"\n<p>Plus d&#8217;informations vont \u00eatre disponible i\u00e7i bient\u00f4t.<\/p>\n","protected":false},"excerpt":{"rendered":"<p>Plus d&#8217;informations vont \u00eatre disponible i\u00e7i bient\u00f4t.<\/p>\n","protected":false},"author":1,"featured_media":0,"parent":0,"menu_order":0,"comment_status":"closed","ping_status":"closed","template":"","meta":[],"_links":{"self":[{"href":"https:\/\/bonn-toulouse.de\/index.php\/wp-json\/wp\/v2\/pages\/109"}],"collection":[{"href":"https:\/\/bonn-toulouse.de\/index.php\/wp-json\/wp\/v2\/pages"}],"about":[{"href":"https:\/\/bonn-toulouse.de\/index.php\/wp-json\/wp\/v2\/types\/page"}],"author":[{"embeddable":true,"href":"https:\/\/bonn-toulouse.de\/index.php\/wp-json\/wp\/v2\/users\/1"}],"replies":[{"embeddable":true,"href":"https:\/\/bonn-toulouse.de\/index.php\/wp-json\/wp\/v2\/comments?post=109"}],"version-history":[{"count":4,"href":"https:\/\/bonn-toulouse.de\/index.php\/wp-json\/wp\/v2\/pages\/109\/revisions"}],"predecessor-version":[{"id":183,"href":"https:\/\/bonn-toulouse.de\/index.php\/wp-json\/wp\/v2\/pages\/109\/revisions\/183"}],"wp:attachment":[{"href":"https:\/\/bonn-toulouse.de\/index.php\/wp-json\/wp\/v2\/media?parent=109"}],"curies":[{"name":"wp","href":"https:\/\/api.w.org\/{rel}","templated":true}]}}