{"id":20,"date":"2020-08-24T16:08:08","date_gmt":"2020-08-24T16:08:08","guid":{"rendered":"https:\/\/bonn-toulouse.de\/wordpress\/?page_id=20"},"modified":"2020-10-26T14:02:05","modified_gmt":"2020-10-26T12:02:05","slug":"willkommen-bei-bonn-toulouse","status":"publish","type":"page","link":"https:\/\/bonn-toulouse.de\/","title":{"rendered":"Willkommen bei Bonn-Toulouse!"},"content":{"rendered":"\n<div class=\"wp-container-1 wp-block-group alignwide\"><div class=\"wp-block-group__inner-container\">\n<h2 class=\"has-text-align-left has-accent-color has-text-color\">Savoir-vivre gibt es nicht in Bonn? Von wegen!<\/h2>\n<\/div><\/div>\n\n\n\n<p class=\"has-drop-cap\">Bei Bonn-Toulouse treffen wir uns regelm\u00e4\u00dfig, um franz\u00f6sisches Essen auszuprobieren, Filme zu gucken, uns beim Stammtisch zu unterhalten und einfach Spa\u00df zu haben.<\/p>\n\n\n\n<p>Kannst du unsere Lieblingsstadt erraten? Ok, es ist nicht so schwierig: Toulouse! Wir veranstalten jedes Jahr einen Austausch mit Studierenden aus la ville rose. Macht euch bereit f\u00fcr viel Sonne, nette Leute, ein cooles Programm und beeindruckende historische Architektur. \u00dcber die Jahre (Uns gibt es seit \u00fcber 40 Jahren!!) haben wir mit dem Austausch schon viele Freundschaften und sogar eine Ehe begr\u00fcndet. Wer wei\u00df also, was er f\u00fcr dich bereit h\u00e4lt \ud83d\ude09 F\u00fcr all dies brauchen wir aber nicht nur Baguette, K\u00e4se und Wein, sondern vor allem weitere interessierte Mitstreiter*innen. Wie sieht es aus? Hast du Lust, dich einzubringen? Wir k\u00f6nnen jedes Talent gebrauchen. Hierf\u00fcr musst du nicht gut Franz\u00f6sisch sprechen.<\/p>\n\n\n\n<p>Bei Interesse, schreib uns einfach <a href=\"mailto:toulouse@uni-bonn.de\" data-type=\"mailto\" data-id=\"mailto:toulouse@uni-bonn.de\">eine Nachricht<\/a> oder komm bei einem unserer Stammtische vorbei. Wir freuen uns auf dich!<\/p>\n\n\n\n<div class=\"wp-block-columns alignwide\">\n<div class=\"wp-block-column\"><\/div>\n<\/div>\n\n\n<div class=\"fb-page\" data-href=\"https:\/\/www.facebook.com\/Studentischer-Freundeskreis-Bonn-Toulouse-eV-555600947904888\/\" data-tabs=\"timeline\" data-width=\"500\" data-height=\"\" data-small-header=\"false\" data-adapt-container-width=\"true\" data-hide-cover=\"false\" data-show-facepile=\"true\">\n<blockquote cite=\"https:\/\/www.facebook.com\/Studentischer-Freundeskreis-Bonn-Toulouse-eV-555600947904888\/\" class=\"fb-xfbml-parse-ignore\">\n<p><a href=\"https:\/\/www.facebook.com\/Studentischer-Freundeskreis-Bonn-Toulouse-eV-555600947904888\/\">Studentischer Freundeskreis Bonn-Toulouse e.V.<\/a><\/p>\n<\/blockquote>\n<\/div>\n\n\n<p><\/p>\n\n\n\n<p><\/p>\n\n\n\n<p>Bildrechte<\/p>\n\n\n\n<p>Capitole: <a href=\"https:\/\/www.flickr.com\/photos\/blieusong\/6986608500\/in\/photolist-bDocif-iQ9gQR-2eoNWG4-cYKxC-ggk1a-ekThkB-f1unu-pZeydE-2eEVi8X-6SyzQy-2dyWGxh-pGfpdx-2dyWxGm-24RqzZK-72LaaF-2hFffzf-4RG4vt-244skxc-ekThdV-244snUr-2eEUArX-fBjUKU-23MhwZM-2iLCoAM-2b8JEk7-fB5B8e-xti1i-fBjWiQ-fB5JBx-23zpqEk-giRvX8-fB5Boi-ekTh9F-J6JZoV-SwPDNQ-di1gzx-26o33fX-qXiK1F-82U55C-giQUnx-nC5Vbn-2ggEDno-82QUyX-osr53A-aZiyWH-82KbSR-fB5AU4-g1pHV2-7wM8SC-26o31VH\">Flickr-Foto &#8222;Toulouse Capitole&#8220; von Benh LIEU SONG<\/a> unter der Lizenz <a href=\"https:\/\/creativecommons.org\/licenses\/by-sa\/2.0\/\">CC BY-SA 2.0<\/a><\/p>\n\n\n\n<p>Poppelsdorfer Schloss:  unter der Lizenz <a href=\"https:\/\/creativecommons.org\/licenses\/by-nc-nd\/2.0\/\">CC BY-NC-ND 2.0<\/a><\/p>\n","protected":false},"excerpt":{"rendered":"<p>Savoir-vivre gibt es nicht in Bonn? Von wegen! Bei Bonn-Toulouse treffen wir uns regelm\u00e4\u00dfig, um franz\u00f6sisches Essen auszuprobieren, Filme zu gucken, uns beim Stammtisch zu unterhalten und einfach Spa\u00df zu haben. Kannst du unsere Lieblingsstadt erraten? Ok, es ist nicht so schwierig: Toulouse! Wir veranstalten jedes Jahr einen Austausch mit Studierenden aus la ville rose. &hellip; <\/p>\n<p class=\"link-more\"><a href=\"https:\/\/bonn-toulouse.de\/\" class=\"more-link\"><span class=\"screen-reader-text\">\u201eWillkommen bei Bonn-Toulouse!\u201c<\/span> weiterlesen<\/a><\/p>\n","protected":false},"author":1,"featured_media":27,"parent":0,"menu_order":0,"comment_status":"closed","ping_status":"closed","template":"","meta":[],"_links":{"self":[{"href":"https:\/\/bonn-toulouse.de\/index.php\/wp-json\/wp\/v2\/pages\/20"}],"collection":[{"href":"https:\/\/bonn-toulouse.de\/index.php\/wp-json\/wp\/v2\/pages"}],"about":[{"href":"https:\/\/bonn-toulouse.de\/index.php\/wp-json\/wp\/v2\/types\/page"}],"author":[{"embeddable":true,"href":"https:\/\/bonn-toulouse.de\/index.php\/wp-json\/wp\/v2\/users\/1"}],"replies":[{"embeddable":true,"href":"https:\/\/bonn-toulouse.de\/index.php\/wp-json\/wp\/v2\/comments?post=20"}],"version-history":[{"count":19,"href":"https:\/\/bonn-toulouse.de\/index.php\/wp-json\/wp\/v2\/pages\/20\/revisions"}],"predecessor-version":[{"id":204,"href":"https:\/\/bonn-toulouse.de\/index.php\/wp-json\/wp\/v2\/pages\/20\/revisions\/204"}],"wp:featuredmedia":[{"embeddable":true,"href":"https:\/\/bonn-toulouse.de\/index.php\/wp-json\/wp\/v2\/media\/27"}],"wp:attachment":[{"href":"https:\/\/bonn-toulouse.de\/index.php\/wp-json\/wp\/v2\/media?parent=20"}],"curies":[{"name":"wp","href":"https:\/\/api.w.org\/{rel}","templated":true}]}}