{"id":89,"date":"2020-08-24T20:02:17","date_gmt":"2020-08-24T20:02:17","guid":{"rendered":"https:\/\/bonn-toulouse.de\/wordpress\/?page_id=89"},"modified":"2020-09-06T22:19:56","modified_gmt":"2020-09-06T20:19:56","slug":"mitmachen","status":"publish","type":"page","link":"https:\/\/bonn-toulouse.de\/index.php\/mitmachen\/","title":{"rendered":"Mitmachen"},"content":{"rendered":"\n<p>Du hast Lust, bei Bonn-Toulouse mitzumachen? Perfekt! Dann f\u00fclle einfach den <a href=\"https:\/\/bonn-toulouse.de\/wp-content\/uploads\/2020\/08\/Mitgliedsantrag_2020.pdf\">Mitgliedsantrag<\/a> aus und sende ihn uns <a href=\"mailto:toulouse@uni-bonn.de\">per Mail<\/a>.<\/p>\n\n\n\n<p>Informationen zu unseren n\u00e4chsten Treffen findest du auf unseren Social Media-Kan\u00e4len und in unserem Newsletter (f\u00fcr eine Eintragung bitte auch <a href=\"mailto:toulouse@uni-bonn.de\">per Mail<\/a> melden).<\/p>\n","protected":false},"excerpt":{"rendered":"<p>Du hast Lust, bei Bonn-Toulouse mitzumachen? Perfekt! Dann f\u00fclle einfach den Mitgliedsantrag aus und sende ihn uns per Mail. Informationen zu unseren n\u00e4chsten Treffen findest du auf unseren Social Media-Kan\u00e4len und in unserem Newsletter (f\u00fcr eine Eintragung bitte auch per Mail melden).<\/p>\n","protected":false},"author":1,"featured_media":0,"parent":0,"menu_order":0,"comment_status":"closed","ping_status":"closed","template":"","meta":[],"_links":{"self":[{"href":"https:\/\/bonn-toulouse.de\/index.php\/wp-json\/wp\/v2\/pages\/89"}],"collection":[{"href":"https:\/\/bonn-toulouse.de\/index.php\/wp-json\/wp\/v2\/pages"}],"about":[{"href":"https:\/\/bonn-toulouse.de\/index.php\/wp-json\/wp\/v2\/types\/page"}],"author":[{"embeddable":true,"href":"https:\/\/bonn-toulouse.de\/index.php\/wp-json\/wp\/v2\/users\/1"}],"replies":[{"embeddable":true,"href":"https:\/\/bonn-toulouse.de\/index.php\/wp-json\/wp\/v2\/comments?post=89"}],"version-history":[{"count":1,"href":"https:\/\/bonn-toulouse.de\/index.php\/wp-json\/wp\/v2\/pages\/89\/revisions"}],"predecessor-version":[{"id":91,"href":"https:\/\/bonn-toulouse.de\/index.php\/wp-json\/wp\/v2\/pages\/89\/revisions\/91"}],"wp:attachment":[{"href":"https:\/\/bonn-toulouse.de\/index.php\/wp-json\/wp\/v2\/media?parent=89"}],"curies":[{"name":"wp","href":"https:\/\/api.w.org\/{rel}","templated":true}]}}